{"id":7219,"date":"2024-08-26T13:36:37","date_gmt":"2024-08-26T13:36:37","guid":{"rendered":"https:\/\/www.kubepartners.com\/polityki-wewnetrzne\/"},"modified":"2024-08-26T13:38:01","modified_gmt":"2024-08-26T13:38:01","slug":"polityki-wewnetrzne","status":"publish","type":"page","link":"https:\/\/www.kubepartners.com\/pl\/polityki-wewnetrzne\/","title":{"rendered":"Polityki wewn\u0119trzne"},"content":{"rendered":"<p>&nbsp;[vc_row type=&#8221;in_container&#8221; full_screen_row_position=&#8221;middle&#8221; column_margin=&#8221;default&#8221; column_direction=&#8221;default&#8221; column_direction_tablet=&#8221;default&#8221; column_direction_phone=&#8221;default&#8221; scene_position=&#8221;center&#8221; top_padding=&#8221;40&#8243; bottom_padding=&#8221;40&#8243; text_color=&#8221;dark&#8221; text_align=&#8221;left&#8221; row_border_radius=&#8221;none&#8221; row_border_radius_applies=&#8221;bg&#8221; overlay_strength=&#8221;0.3&#8243; gradient_direction=&#8221;left_to_right&#8221; shape_divider_position=&#8221;bottom&#8221; bg_image_animation=&#8221;none&#8221; shape_type=&#8221;&#8221;][vc_column column_padding=&#8221;no-extra-padding&#8221; column_padding_tablet=&#8221;inherit&#8221; column_padding_phone=&#8221;inherit&#8221; column_padding_position=&#8221;all&#8221; background_color_opacity=&#8221;1&#8243; background_hover_color_opacity=&#8221;1&#8243; column_shadow=&#8221;none&#8221; column_border_radius=&#8221;none&#8221; column_link_target=&#8221;_self&#8221; gradient_direction=&#8221;left_to_right&#8221; overlay_strength=&#8221;0.3&#8243; width=&#8221;2\/3&#8243; tablet_width_inherit=&#8221;default&#8221; tablet_text_alignment=&#8221;default&#8221; phone_text_alignment=&#8221;default&#8221; column_border_width=&#8221;none&#8221; column_border_style=&#8221;solid&#8221; bg_image_animation=&#8221;none&#8221;][vc_column_text]\n<h2><strong>Polityki wewn\u0119trzne<\/strong><\/h2>\n<p>Kube Partners Italy to mi\u0119dzynarodowa firma konsultingowa IT i zarz\u0105dzania, kt\u00f3ra dostarcza swoim klientom kluczowe informacje uzyskane z danych.<\/p>\n<p>W swojej dzia\u0142alno\u015bci analizy danych oraz jako dostawca innowacyjnych rozwi\u0105za\u0144 z zakresu business intelligence i przeciwdzia\u0142ania oszustwom dla sektora ubezpiecze\u0144 i bankowo\u015bci, Kube Partners zawsze przywi\u0105zywa\u0142 szczeg\u00f3ln\u0105 wag\u0119 do kwestii zgodno\u015bci w zakresie proces\u00f3w zarz\u0105dzania i podejmowania decyzji, przestrzegaj\u0105c wszystkich obowi\u0105zuj\u0105cych przepis\u00f3w prawnych, regulacji i procedur.<\/p>\n<p>W ramach tego procesu, obok certyfikacji ISO (np. ISO27001), Kube Partners wprowadzi\u0142 szereg wewn\u0119trznych zasad, w tym Kodeks Etyczny, Polityk\u0119 Antykorupcyjn\u0105, Polityk\u0119 Sztucznej Inteligencji oraz Polityk\u0119 Ochrony \u015arodowiska, kt\u00f3re musz\u0105 by\u0107 przestrzegane przez wszystkich, kt\u00f3rzy dzia\u0142aj\u0105 bezpo\u015brednio lub po\u015brednio z firm\u0105.[\/vc_column_text][\/vc_column][vc_column column_padding=&#8221;padding-5-percent&#8221; column_padding_tablet=&#8221;inherit&#8221; column_padding_phone=&#8221;inherit&#8221; column_padding_position=&#8221;all&#8221; centered_text=&#8221;true&#8221; background_color_opacity=&#8221;1&#8243; background_hover_color_opacity=&#8221;1&#8243; column_shadow=&#8221;none&#8221; column_border_radius=&#8221;none&#8221; column_link_target=&#8221;_self&#8221; gradient_direction=&#8221;left_to_right&#8221; overlay_strength=&#8221;0.3&#8243; width=&#8221;1\/3&#8243; tablet_width_inherit=&#8221;default&#8221; tablet_text_alignment=&#8221;default&#8221; phone_text_alignment=&#8221;default&#8221; column_border_width=&#8221;none&#8221; column_border_style=&#8221;solid&#8221; bg_image_animation=&#8221;none&#8221;][nectar_btn size=&#8221;large&#8221; open_new_tab=&#8221;true&#8221; button_style=&#8221;regular&#8221; button_color_2=&#8221;Extra-Color-2&#8243; icon_family=&#8221;none&#8221; el_class=&#8221;docBtn&#8221; button_id=&#8221;id&#8221; text=&#8221;Ethical Code&#8221; margin_bottom=&#8221;0&#8243; margin_right=&#8221;0&#8243; url=&#8221;https:\/\/www.kubepartners.com\/media\/2024\/07\/Ethical_Code.pdf&#8221;][nectar_btn size=&#8221;large&#8221; open_new_tab=&#8221;true&#8221; button_style=&#8221;regular&#8221; button_color_2=&#8221;Extra-Color-2&#8243; icon_family=&#8221;linecons&#8221; el_class=&#8221;docBtn&#8221; text=&#8221;Anti Corruption Policy&#8221; margin_bottom=&#8221;0&#8243; url=&#8221;https:\/\/www.kubepartners.com\/media\/2024\/07\/Policy_Anticorruption.pdf&#8221;][nectar_btn size=&#8221;large&#8221; open_new_tab=&#8221;true&#8221; button_style=&#8221;regular&#8221; button_color_2=&#8221;Extra-Color-2&#8243; icon_family=&#8221;linecons&#8221; el_class=&#8221;docBtn&#8221; text=&#8221;AI Policy&#8221; margin_bottom=&#8221;0&#8243; url=&#8221;https:\/\/www.kubepartners.com\/media\/2024\/07\/AI-POLICY-1.pdf&#8221;][nectar_btn size=&#8221;large&#8221; open_new_tab=&#8221;true&#8221; button_style=&#8221;regular&#8221; button_color_2=&#8221;Extra-Color-2&#8243; icon_family=&#8221;linecons&#8221; el_class=&#8221;docBtn&#8221; text=&#8221;Environmental Policy&#8221; margin_bottom=&#8221;0&#8243; url=&#8221;https:\/\/www.kubepartners.com\/media\/2024\/08\/KUBE_Environmental_Policy.pdf&#8221; icon_linecons=&#8221;&#8221;][\/vc_column][\/vc_row]&nbsp;<\/p>\n","protected":false},"excerpt":{"rendered":"<p>&nbsp;[vc_row type=&#8221;in_container&#8221; full_screen_row_position=&#8221;middle&#8221; column_margin=&#8221;default&#8221; column_direction=&#8221;default&#8221; column_direction_tablet=&#8221;default&#8221; column_direction_phone=&#8221;default&#8221; scene_position=&#8221;center&#8221; top_padding=&#8221;40&#8243; bottom_padding=&#8221;40&#8243; text_color=&#8221;dark&#8221; text_align=&#8221;left&#8221; row_border_radius=&#8221;none&#8221; row_border_radius_applies=&#8221;bg&#8221; overlay_strength=&#8221;0.3&#8243; gradient_direction=&#8221;left_to_right&#8221; shape_divider_position=&#8221;bottom&#8221; bg_image_animation=&#8221;none&#8221; shape_type=&#8221;&#8221;][vc_column column_padding=&#8221;no-extra-padding&#8221; column_padding_tablet=&#8221;inherit&#8221; column_padding_phone=&#8221;inherit&#8221; column_padding_position=&#8221;all&#8221; background_color_opacity=&#8221;1&#8243; background_hover_color_opacity=&#8221;1&#8243; column_shadow=&#8221;none&#8221; column_border_radius=&#8221;none&#8221; column_link_target=&#8221;_self&#8221; gradient_direction=&#8221;left_to_right&#8221; overlay_strength=&#8221;0.3&#8243;&#8230;<\/p>\n","protected":false},"author":1,"featured_media":0,"parent":0,"menu_order":0,"comment_status":"closed","ping_status":"closed","template":"","meta":{"footnotes":""},"class_list":["post-7219","page","type-page","status-publish"],"yoast_head":"<!-- This site is optimized with the Yoast SEO plugin v23.0 - https:\/\/yoast.com\/wordpress\/plugins\/seo\/ -->\n<title>Polityki wewn\u0119trzne - Kube Partners \u00ae<\/title>\n<meta name=\"robots\" content=\"index, follow, max-snippet:-1, max-image-preview:large, max-video-preview:-1\" \/>\n<link rel=\"canonical\" href=\"https:\/\/www.kubepartners.com\/pl\/polityki-wewnetrzne\/\" \/>\n<meta property=\"og:locale\" content=\"pl_PL\" \/>\n<meta property=\"og:type\" content=\"article\" \/>\n<meta property=\"og:title\" content=\"Polityki wewn\u0119trzne - Kube Partners \u00ae\" \/>\n<meta property=\"og:description\" content=\"&nbsp;[vc_row type=&#8221;in_container&#8221; full_screen_row_position=&#8221;middle&#8221; column_margin=&#8221;default&#8221; column_direction=&#8221;default&#8221; column_direction_tablet=&#8221;default&#8221; column_direction_phone=&#8221;default&#8221; scene_position=&#8221;center&#8221; top_padding=&#8221;40&#8243; bottom_padding=&#8221;40&#8243; text_color=&#8221;dark&#8221; text_align=&#8221;left&#8221; row_border_radius=&#8221;none&#8221; row_border_radius_applies=&#8221;bg&#8221; overlay_strength=&#8221;0.3&#8243; gradient_direction=&#8221;left_to_right&#8221; shape_divider_position=&#8221;bottom&#8221; bg_image_animation=&#8221;none&#8221; shape_type=&#8221;&#8221;][vc_column column_padding=&#8221;no-extra-padding&#8221; column_padding_tablet=&#8221;inherit&#8221; column_padding_phone=&#8221;inherit&#8221; column_padding_position=&#8221;all&#8221; background_color_opacity=&#8221;1&#8243; background_hover_color_opacity=&#8221;1&#8243; column_shadow=&#8221;none&#8221; column_border_radius=&#8221;none&#8221; column_link_target=&#8221;_self&#8221; gradient_direction=&#8221;left_to_right&#8221; overlay_strength=&#8221;0.3&#8243;...\" \/>\n<meta property=\"og:url\" content=\"https:\/\/www.kubepartners.com\/pl\/polityki-wewnetrzne\/\" \/>\n<meta property=\"og:site_name\" content=\"Kube Partners \u00ae\" \/>\n<meta property=\"article:modified_time\" content=\"2024-08-26T13:38:01+00:00\" \/>\n<meta name=\"twitter:card\" content=\"summary_large_image\" \/>\n<meta name=\"twitter:label1\" content=\"Szacowany czas czytania\" \/>\n\t<meta name=\"twitter:data1\" content=\"2 minuty\" \/>\n<script type=\"application\/ld+json\" class=\"yoast-schema-graph\">{\"@context\":\"https:\/\/schema.org\",\"@graph\":[{\"@type\":\"WebPage\",\"@id\":\"https:\/\/www.kubepartners.com\/pl\/polityki-wewnetrzne\/\",\"url\":\"https:\/\/www.kubepartners.com\/pl\/polityki-wewnetrzne\/\",\"name\":\"Polityki wewn\u0119trzne - Kube Partners \u00ae\",\"isPartOf\":{\"@id\":\"https:\/\/www.kubepartners.com\/pl\/#website\"},\"datePublished\":\"2024-08-26T13:36:37+00:00\",\"dateModified\":\"2024-08-26T13:38:01+00:00\",\"breadcrumb\":{\"@id\":\"https:\/\/www.kubepartners.com\/pl\/polityki-wewnetrzne\/#breadcrumb\"},\"inLanguage\":\"pl-PL\",\"potentialAction\":[{\"@type\":\"ReadAction\",\"target\":[\"https:\/\/www.kubepartners.com\/pl\/polityki-wewnetrzne\/\"]}]},{\"@type\":\"BreadcrumbList\",\"@id\":\"https:\/\/www.kubepartners.com\/pl\/polityki-wewnetrzne\/#breadcrumb\",\"itemListElement\":[{\"@type\":\"ListItem\",\"position\":1,\"name\":\"Home\",\"item\":\"https:\/\/www.kubepartners.com\/pl\/\"},{\"@type\":\"ListItem\",\"position\":2,\"name\":\"Polityki wewn\u0119trzne\"}]},{\"@type\":\"WebSite\",\"@id\":\"https:\/\/www.kubepartners.com\/pl\/#website\",\"url\":\"https:\/\/www.kubepartners.com\/pl\/\",\"name\":\"Kube Partners \u00ae\",\"description\":\"\",\"potentialAction\":[{\"@type\":\"SearchAction\",\"target\":{\"@type\":\"EntryPoint\",\"urlTemplate\":\"https:\/\/www.kubepartners.com\/pl\/?s={search_term_string}\"},\"query-input\":\"required name=search_term_string\"}],\"inLanguage\":\"pl-PL\"}]}<\/script>\n<!-- \/ Yoast SEO plugin. -->","yoast_head_json":{"title":"Polityki wewn\u0119trzne - Kube Partners \u00ae","robots":{"index":"index","follow":"follow","max-snippet":"max-snippet:-1","max-image-preview":"max-image-preview:large","max-video-preview":"max-video-preview:-1"},"canonical":"https:\/\/www.kubepartners.com\/pl\/polityki-wewnetrzne\/","og_locale":"pl_PL","og_type":"article","og_title":"Polityki wewn\u0119trzne - Kube Partners \u00ae","og_description":"&nbsp;[vc_row type=&#8221;in_container&#8221; full_screen_row_position=&#8221;middle&#8221; column_margin=&#8221;default&#8221; column_direction=&#8221;default&#8221; column_direction_tablet=&#8221;default&#8221; column_direction_phone=&#8221;default&#8221; scene_position=&#8221;center&#8221; top_padding=&#8221;40&#8243; bottom_padding=&#8221;40&#8243; text_color=&#8221;dark&#8221; text_align=&#8221;left&#8221; row_border_radius=&#8221;none&#8221; row_border_radius_applies=&#8221;bg&#8221; overlay_strength=&#8221;0.3&#8243; gradient_direction=&#8221;left_to_right&#8221; shape_divider_position=&#8221;bottom&#8221; bg_image_animation=&#8221;none&#8221; shape_type=&#8221;&#8221;][vc_column column_padding=&#8221;no-extra-padding&#8221; column_padding_tablet=&#8221;inherit&#8221; column_padding_phone=&#8221;inherit&#8221; column_padding_position=&#8221;all&#8221; background_color_opacity=&#8221;1&#8243; background_hover_color_opacity=&#8221;1&#8243; column_shadow=&#8221;none&#8221; column_border_radius=&#8221;none&#8221; column_link_target=&#8221;_self&#8221; gradient_direction=&#8221;left_to_right&#8221; overlay_strength=&#8221;0.3&#8243;...","og_url":"https:\/\/www.kubepartners.com\/pl\/polityki-wewnetrzne\/","og_site_name":"Kube Partners \u00ae","article_modified_time":"2024-08-26T13:38:01+00:00","twitter_card":"summary_large_image","twitter_misc":{"Szacowany czas czytania":"2 minuty"},"schema":{"@context":"https:\/\/schema.org","@graph":[{"@type":"WebPage","@id":"https:\/\/www.kubepartners.com\/pl\/polityki-wewnetrzne\/","url":"https:\/\/www.kubepartners.com\/pl\/polityki-wewnetrzne\/","name":"Polityki wewn\u0119trzne - Kube Partners \u00ae","isPartOf":{"@id":"https:\/\/www.kubepartners.com\/pl\/#website"},"datePublished":"2024-08-26T13:36:37+00:00","dateModified":"2024-08-26T13:38:01+00:00","breadcrumb":{"@id":"https:\/\/www.kubepartners.com\/pl\/polityki-wewnetrzne\/#breadcrumb"},"inLanguage":"pl-PL","potentialAction":[{"@type":"ReadAction","target":["https:\/\/www.kubepartners.com\/pl\/polityki-wewnetrzne\/"]}]},{"@type":"BreadcrumbList","@id":"https:\/\/www.kubepartners.com\/pl\/polityki-wewnetrzne\/#breadcrumb","itemListElement":[{"@type":"ListItem","position":1,"name":"Home","item":"https:\/\/www.kubepartners.com\/pl\/"},{"@type":"ListItem","position":2,"name":"Polityki wewn\u0119trzne"}]},{"@type":"WebSite","@id":"https:\/\/www.kubepartners.com\/pl\/#website","url":"https:\/\/www.kubepartners.com\/pl\/","name":"Kube Partners \u00ae","description":"","potentialAction":[{"@type":"SearchAction","target":{"@type":"EntryPoint","urlTemplate":"https:\/\/www.kubepartners.com\/pl\/?s={search_term_string}"},"query-input":"required name=search_term_string"}],"inLanguage":"pl-PL"}]}},"_links":{"self":[{"href":"https:\/\/www.kubepartners.com\/pl\/wp-json\/wp\/v2\/pages\/7219"}],"collection":[{"href":"https:\/\/www.kubepartners.com\/pl\/wp-json\/wp\/v2\/pages"}],"about":[{"href":"https:\/\/www.kubepartners.com\/pl\/wp-json\/wp\/v2\/types\/page"}],"author":[{"embeddable":true,"href":"https:\/\/www.kubepartners.com\/pl\/wp-json\/wp\/v2\/users\/1"}],"replies":[{"embeddable":true,"href":"https:\/\/www.kubepartners.com\/pl\/wp-json\/wp\/v2\/comments?post=7219"}],"version-history":[{"count":5,"href":"https:\/\/www.kubepartners.com\/pl\/wp-json\/wp\/v2\/pages\/7219\/revisions"}],"predecessor-version":[{"id":7225,"href":"https:\/\/www.kubepartners.com\/pl\/wp-json\/wp\/v2\/pages\/7219\/revisions\/7225"}],"wp:attachment":[{"href":"https:\/\/www.kubepartners.com\/pl\/wp-json\/wp\/v2\/media?parent=7219"}],"curies":[{"name":"wp","href":"https:\/\/api.w.org\/{rel}","templated":true}]}}