{"id":7212,"date":"2024-08-26T13:32:18","date_gmt":"2024-08-26T13:32:18","guid":{"rendered":"https:\/\/www.kubepartners.com\/politicas-internas\/"},"modified":"2024-08-26T13:32:29","modified_gmt":"2024-08-26T13:32:29","slug":"politicas-internas","status":"publish","type":"page","link":"https:\/\/www.kubepartners.com\/es\/politicas-internas\/","title":{"rendered":"Pol\u00edticas internas"},"content":{"rendered":"<p>&nbsp;[vc_row type=&#8221;in_container&#8221; full_screen_row_position=&#8221;middle&#8221; column_margin=&#8221;default&#8221; column_direction=&#8221;default&#8221; column_direction_tablet=&#8221;default&#8221; column_direction_phone=&#8221;default&#8221; scene_position=&#8221;center&#8221; top_padding=&#8221;40&#8243; bottom_padding=&#8221;40&#8243; text_color=&#8221;dark&#8221; text_align=&#8221;left&#8221; row_border_radius=&#8221;none&#8221; row_border_radius_applies=&#8221;bg&#8221; overlay_strength=&#8221;0.3&#8243; gradient_direction=&#8221;left_to_right&#8221; shape_divider_position=&#8221;bottom&#8221; bg_image_animation=&#8221;none&#8221; shape_type=&#8221;&#8221;][vc_column column_padding=&#8221;no-extra-padding&#8221; column_padding_tablet=&#8221;inherit&#8221; column_padding_phone=&#8221;inherit&#8221; column_padding_position=&#8221;all&#8221; background_color_opacity=&#8221;1&#8243; background_hover_color_opacity=&#8221;1&#8243; column_shadow=&#8221;none&#8221; column_border_radius=&#8221;none&#8221; column_link_target=&#8221;_self&#8221; gradient_direction=&#8221;left_to_right&#8221; overlay_strength=&#8221;0.3&#8243; width=&#8221;2\/3&#8243; tablet_width_inherit=&#8221;default&#8221; tablet_text_alignment=&#8221;default&#8221; phone_text_alignment=&#8221;default&#8221; column_border_width=&#8221;none&#8221; column_border_style=&#8221;solid&#8221; bg_image_animation=&#8221;none&#8221;][vc_column_text]\n<h2><strong>Pol\u00edticas internas<\/strong><\/h2>\n<p>Kube Partners Italia es una consultora internacional de TI y gesti\u00f3n que proporciona a sus clientes informaci\u00f3n crucial extra\u00edda de datos.<\/p>\n<p>En su actividad de an\u00e1lisis de datos y como proveedor de soluciones innovadoras de inteligencia empresarial y antifraude para los sectores de seguros y banca, Kube Partners siempre ha prestado especial atenci\u00f3n a los temas de cumplimiento en cuanto a sus procesos de gesti\u00f3n y toma de decisiones, adhiri\u00e9ndose a todas las leyes, regulaciones y procedimientos pertinentes.<\/p>\n<p>Como parte de este proceso, junto con las certificaciones ISO (por ejemplo, ISO27001), Kube Partners ha implementado una serie de normas internas, incluyendo el C\u00f3digo \u00c9tico, la Pol\u00edtica de Anticorrupci\u00f3n, la Pol\u00edtica de IA y la Pol\u00edtica Ambiental, que deben ser respetadas por todos aquellos que operan directa o indirectamente con la empresa.[\/vc_column_text][\/vc_column][vc_column column_padding=&#8221;padding-5-percent&#8221; column_padding_tablet=&#8221;inherit&#8221; column_padding_phone=&#8221;inherit&#8221; column_padding_position=&#8221;all&#8221; centered_text=&#8221;true&#8221; background_color_opacity=&#8221;1&#8243; background_hover_color_opacity=&#8221;1&#8243; column_shadow=&#8221;none&#8221; column_border_radius=&#8221;none&#8221; column_link_target=&#8221;_self&#8221; gradient_direction=&#8221;left_to_right&#8221; overlay_strength=&#8221;0.3&#8243; width=&#8221;1\/3&#8243; tablet_width_inherit=&#8221;default&#8221; tablet_text_alignment=&#8221;default&#8221; phone_text_alignment=&#8221;default&#8221; column_border_width=&#8221;none&#8221; column_border_style=&#8221;solid&#8221; bg_image_animation=&#8221;none&#8221;][nectar_btn size=&#8221;large&#8221; open_new_tab=&#8221;true&#8221; button_style=&#8221;regular&#8221; button_color_2=&#8221;Extra-Color-2&#8243; icon_family=&#8221;none&#8221; el_class=&#8221;docBtn&#8221; button_id=&#8221;id&#8221; text=&#8221;Ethical Code&#8221; margin_bottom=&#8221;0&#8243; margin_right=&#8221;0&#8243; url=&#8221;https:\/\/www.kubepartners.com\/media\/2024\/07\/Ethical_Code.pdf&#8221;][nectar_btn size=&#8221;large&#8221; open_new_tab=&#8221;true&#8221; button_style=&#8221;regular&#8221; button_color_2=&#8221;Extra-Color-2&#8243; icon_family=&#8221;linecons&#8221; el_class=&#8221;docBtn&#8221; text=&#8221;Anti Corruption Policy&#8221; margin_bottom=&#8221;0&#8243; url=&#8221;https:\/\/www.kubepartners.com\/media\/2024\/07\/Policy_Anticorruption.pdf&#8221;][nectar_btn size=&#8221;large&#8221; open_new_tab=&#8221;true&#8221; button_style=&#8221;regular&#8221; button_color_2=&#8221;Extra-Color-2&#8243; icon_family=&#8221;linecons&#8221; el_class=&#8221;docBtn&#8221; text=&#8221;AI Policy&#8221; margin_bottom=&#8221;0&#8243; url=&#8221;https:\/\/www.kubepartners.com\/media\/2024\/07\/AI-POLICY-1.pdf&#8221;][nectar_btn size=&#8221;large&#8221; open_new_tab=&#8221;true&#8221; button_style=&#8221;regular&#8221; button_color_2=&#8221;Extra-Color-2&#8243; icon_family=&#8221;linecons&#8221; el_class=&#8221;docBtn&#8221; text=&#8221;Environmental Policy&#8221; margin_bottom=&#8221;0&#8243; url=&#8221;https:\/\/www.kubepartners.com\/media\/2024\/08\/KUBE_Environmental_Policy.pdf&#8221; icon_linecons=&#8221;&#8221;][\/vc_column][\/vc_row]&nbsp;<\/p>\n","protected":false},"excerpt":{"rendered":"<p>&nbsp;[vc_row type=&#8221;in_container&#8221; full_screen_row_position=&#8221;middle&#8221; column_margin=&#8221;default&#8221; column_direction=&#8221;default&#8221; column_direction_tablet=&#8221;default&#8221; column_direction_phone=&#8221;default&#8221; scene_position=&#8221;center&#8221; top_padding=&#8221;40&#8243; bottom_padding=&#8221;40&#8243; text_color=&#8221;dark&#8221; text_align=&#8221;left&#8221; row_border_radius=&#8221;none&#8221; row_border_radius_applies=&#8221;bg&#8221; overlay_strength=&#8221;0.3&#8243; gradient_direction=&#8221;left_to_right&#8221; shape_divider_position=&#8221;bottom&#8221; bg_image_animation=&#8221;none&#8221; shape_type=&#8221;&#8221;][vc_column column_padding=&#8221;no-extra-padding&#8221; column_padding_tablet=&#8221;inherit&#8221; column_padding_phone=&#8221;inherit&#8221; column_padding_position=&#8221;all&#8221; background_color_opacity=&#8221;1&#8243; background_hover_color_opacity=&#8221;1&#8243; column_shadow=&#8221;none&#8221; column_border_radius=&#8221;none&#8221; column_link_target=&#8221;_self&#8221; gradient_direction=&#8221;left_to_right&#8221; overlay_strength=&#8221;0.3&#8243;&#8230;<\/p>\n","protected":false},"author":1,"featured_media":0,"parent":0,"menu_order":0,"comment_status":"closed","ping_status":"closed","template":"","meta":{"footnotes":""},"class_list":["post-7212","page","type-page","status-publish"],"yoast_head":"<!-- This site is optimized with the Yoast SEO plugin v23.0 - https:\/\/yoast.com\/wordpress\/plugins\/seo\/ -->\n<title>Pol\u00edticas internas - Kube Partners \u00ae<\/title>\n<meta name=\"robots\" content=\"index, follow, max-snippet:-1, max-image-preview:large, max-video-preview:-1\" \/>\n<link rel=\"canonical\" href=\"https:\/\/www.kubepartners.com\/es\/politicas-internas\/\" \/>\n<meta property=\"og:locale\" content=\"es_ES\" \/>\n<meta property=\"og:type\" content=\"article\" \/>\n<meta property=\"og:title\" content=\"Pol\u00edticas internas - Kube Partners \u00ae\" \/>\n<meta property=\"og:description\" content=\"&nbsp;[vc_row type=&#8221;in_container&#8221; full_screen_row_position=&#8221;middle&#8221; column_margin=&#8221;default&#8221; column_direction=&#8221;default&#8221; column_direction_tablet=&#8221;default&#8221; column_direction_phone=&#8221;default&#8221; scene_position=&#8221;center&#8221; top_padding=&#8221;40&#8243; bottom_padding=&#8221;40&#8243; text_color=&#8221;dark&#8221; text_align=&#8221;left&#8221; row_border_radius=&#8221;none&#8221; row_border_radius_applies=&#8221;bg&#8221; overlay_strength=&#8221;0.3&#8243; gradient_direction=&#8221;left_to_right&#8221; shape_divider_position=&#8221;bottom&#8221; bg_image_animation=&#8221;none&#8221; shape_type=&#8221;&#8221;][vc_column column_padding=&#8221;no-extra-padding&#8221; column_padding_tablet=&#8221;inherit&#8221; column_padding_phone=&#8221;inherit&#8221; column_padding_position=&#8221;all&#8221; background_color_opacity=&#8221;1&#8243; background_hover_color_opacity=&#8221;1&#8243; column_shadow=&#8221;none&#8221; column_border_radius=&#8221;none&#8221; column_link_target=&#8221;_self&#8221; gradient_direction=&#8221;left_to_right&#8221; overlay_strength=&#8221;0.3&#8243;...\" \/>\n<meta property=\"og:url\" content=\"https:\/\/www.kubepartners.com\/es\/politicas-internas\/\" \/>\n<meta property=\"og:site_name\" content=\"Kube Partners \u00ae\" \/>\n<meta property=\"article:modified_time\" content=\"2024-08-26T13:32:29+00:00\" \/>\n<meta name=\"twitter:card\" content=\"summary_large_image\" \/>\n<meta name=\"twitter:label1\" content=\"Tiempo de lectura\" \/>\n\t<meta name=\"twitter:data1\" content=\"3 minutos\" \/>\n<script type=\"application\/ld+json\" class=\"yoast-schema-graph\">{\"@context\":\"https:\/\/schema.org\",\"@graph\":[{\"@type\":\"WebPage\",\"@id\":\"https:\/\/www.kubepartners.com\/es\/politicas-internas\/\",\"url\":\"https:\/\/www.kubepartners.com\/es\/politicas-internas\/\",\"name\":\"Pol\u00edticas internas - Kube Partners \u00ae\",\"isPartOf\":{\"@id\":\"https:\/\/www.kubepartners.com\/es\/#website\"},\"datePublished\":\"2024-08-26T13:32:18+00:00\",\"dateModified\":\"2024-08-26T13:32:29+00:00\",\"breadcrumb\":{\"@id\":\"https:\/\/www.kubepartners.com\/es\/politicas-internas\/#breadcrumb\"},\"inLanguage\":\"es\",\"potentialAction\":[{\"@type\":\"ReadAction\",\"target\":[\"https:\/\/www.kubepartners.com\/es\/politicas-internas\/\"]}]},{\"@type\":\"BreadcrumbList\",\"@id\":\"https:\/\/www.kubepartners.com\/es\/politicas-internas\/#breadcrumb\",\"itemListElement\":[{\"@type\":\"ListItem\",\"position\":1,\"name\":\"Home\",\"item\":\"https:\/\/www.kubepartners.com\/es\/\"},{\"@type\":\"ListItem\",\"position\":2,\"name\":\"Pol\u00edticas internas\"}]},{\"@type\":\"WebSite\",\"@id\":\"https:\/\/www.kubepartners.com\/es\/#website\",\"url\":\"https:\/\/www.kubepartners.com\/es\/\",\"name\":\"Kube Partners \u00ae\",\"description\":\"\",\"potentialAction\":[{\"@type\":\"SearchAction\",\"target\":{\"@type\":\"EntryPoint\",\"urlTemplate\":\"https:\/\/www.kubepartners.com\/es\/?s={search_term_string}\"},\"query-input\":\"required name=search_term_string\"}],\"inLanguage\":\"es\"}]}<\/script>\n<!-- \/ Yoast SEO plugin. -->","yoast_head_json":{"title":"Pol\u00edticas internas - Kube Partners \u00ae","robots":{"index":"index","follow":"follow","max-snippet":"max-snippet:-1","max-image-preview":"max-image-preview:large","max-video-preview":"max-video-preview:-1"},"canonical":"https:\/\/www.kubepartners.com\/es\/politicas-internas\/","og_locale":"es_ES","og_type":"article","og_title":"Pol\u00edticas internas - Kube Partners \u00ae","og_description":"&nbsp;[vc_row type=&#8221;in_container&#8221; full_screen_row_position=&#8221;middle&#8221; column_margin=&#8221;default&#8221; column_direction=&#8221;default&#8221; column_direction_tablet=&#8221;default&#8221; column_direction_phone=&#8221;default&#8221; scene_position=&#8221;center&#8221; top_padding=&#8221;40&#8243; bottom_padding=&#8221;40&#8243; text_color=&#8221;dark&#8221; text_align=&#8221;left&#8221; row_border_radius=&#8221;none&#8221; row_border_radius_applies=&#8221;bg&#8221; overlay_strength=&#8221;0.3&#8243; gradient_direction=&#8221;left_to_right&#8221; shape_divider_position=&#8221;bottom&#8221; bg_image_animation=&#8221;none&#8221; shape_type=&#8221;&#8221;][vc_column column_padding=&#8221;no-extra-padding&#8221; column_padding_tablet=&#8221;inherit&#8221; column_padding_phone=&#8221;inherit&#8221; column_padding_position=&#8221;all&#8221; background_color_opacity=&#8221;1&#8243; background_hover_color_opacity=&#8221;1&#8243; column_shadow=&#8221;none&#8221; column_border_radius=&#8221;none&#8221; column_link_target=&#8221;_self&#8221; gradient_direction=&#8221;left_to_right&#8221; overlay_strength=&#8221;0.3&#8243;...","og_url":"https:\/\/www.kubepartners.com\/es\/politicas-internas\/","og_site_name":"Kube Partners \u00ae","article_modified_time":"2024-08-26T13:32:29+00:00","twitter_card":"summary_large_image","twitter_misc":{"Tiempo de lectura":"3 minutos"},"schema":{"@context":"https:\/\/schema.org","@graph":[{"@type":"WebPage","@id":"https:\/\/www.kubepartners.com\/es\/politicas-internas\/","url":"https:\/\/www.kubepartners.com\/es\/politicas-internas\/","name":"Pol\u00edticas internas - Kube Partners \u00ae","isPartOf":{"@id":"https:\/\/www.kubepartners.com\/es\/#website"},"datePublished":"2024-08-26T13:32:18+00:00","dateModified":"2024-08-26T13:32:29+00:00","breadcrumb":{"@id":"https:\/\/www.kubepartners.com\/es\/politicas-internas\/#breadcrumb"},"inLanguage":"es","potentialAction":[{"@type":"ReadAction","target":["https:\/\/www.kubepartners.com\/es\/politicas-internas\/"]}]},{"@type":"BreadcrumbList","@id":"https:\/\/www.kubepartners.com\/es\/politicas-internas\/#breadcrumb","itemListElement":[{"@type":"ListItem","position":1,"name":"Home","item":"https:\/\/www.kubepartners.com\/es\/"},{"@type":"ListItem","position":2,"name":"Pol\u00edticas internas"}]},{"@type":"WebSite","@id":"https:\/\/www.kubepartners.com\/es\/#website","url":"https:\/\/www.kubepartners.com\/es\/","name":"Kube Partners \u00ae","description":"","potentialAction":[{"@type":"SearchAction","target":{"@type":"EntryPoint","urlTemplate":"https:\/\/www.kubepartners.com\/es\/?s={search_term_string}"},"query-input":"required name=search_term_string"}],"inLanguage":"es"}]}},"_links":{"self":[{"href":"https:\/\/www.kubepartners.com\/es\/wp-json\/wp\/v2\/pages\/7212"}],"collection":[{"href":"https:\/\/www.kubepartners.com\/es\/wp-json\/wp\/v2\/pages"}],"about":[{"href":"https:\/\/www.kubepartners.com\/es\/wp-json\/wp\/v2\/types\/page"}],"author":[{"embeddable":true,"href":"https:\/\/www.kubepartners.com\/es\/wp-json\/wp\/v2\/users\/1"}],"replies":[{"embeddable":true,"href":"https:\/\/www.kubepartners.com\/es\/wp-json\/wp\/v2\/comments?post=7212"}],"version-history":[{"count":5,"href":"https:\/\/www.kubepartners.com\/es\/wp-json\/wp\/v2\/pages\/7212\/revisions"}],"predecessor-version":[{"id":7218,"href":"https:\/\/www.kubepartners.com\/es\/wp-json\/wp\/v2\/pages\/7212\/revisions\/7218"}],"wp:attachment":[{"href":"https:\/\/www.kubepartners.com\/es\/wp-json\/wp\/v2\/media?parent=7212"}],"curies":[{"name":"wp","href":"https:\/\/api.w.org\/{rel}","templated":true}]}}