{"id":7226,"date":"2024-08-26T13:41:22","date_gmt":"2024-08-26T13:41:22","guid":{"rendered":"https:\/\/www.kubepartners.com\/interne-richtlinien\/"},"modified":"2024-08-26T13:41:22","modified_gmt":"2024-08-26T13:41:22","slug":"interne-richtlinien","status":"publish","type":"page","link":"https:\/\/www.kubepartners.com\/de\/interne-richtlinien\/","title":{"rendered":"Interne Richtlinien"},"content":{"rendered":"<p>&nbsp;[vc_row type=&#8221;in_container&#8221; full_screen_row_position=&#8221;middle&#8221; column_margin=&#8221;default&#8221; column_direction=&#8221;default&#8221; column_direction_tablet=&#8221;default&#8221; column_direction_phone=&#8221;default&#8221; scene_position=&#8221;center&#8221; top_padding=&#8221;40&#8243; bottom_padding=&#8221;40&#8243; text_color=&#8221;dark&#8221; text_align=&#8221;left&#8221; row_border_radius=&#8221;none&#8221; row_border_radius_applies=&#8221;bg&#8221; overlay_strength=&#8221;0.3&#8243; gradient_direction=&#8221;left_to_right&#8221; shape_divider_position=&#8221;bottom&#8221; bg_image_animation=&#8221;none&#8221; shape_type=&#8221;&#8221;][vc_column column_padding=&#8221;no-extra-padding&#8221; column_padding_tablet=&#8221;inherit&#8221; column_padding_phone=&#8221;inherit&#8221; column_padding_position=&#8221;all&#8221; background_color_opacity=&#8221;1&#8243; background_hover_color_opacity=&#8221;1&#8243; column_shadow=&#8221;none&#8221; column_border_radius=&#8221;none&#8221; column_link_target=&#8221;_self&#8221; gradient_direction=&#8221;left_to_right&#8221; overlay_strength=&#8221;0.3&#8243; width=&#8221;2\/3&#8243; tablet_width_inherit=&#8221;default&#8221; tablet_text_alignment=&#8221;default&#8221; phone_text_alignment=&#8221;default&#8221; column_border_width=&#8221;none&#8221; column_border_style=&#8221;solid&#8221; bg_image_animation=&#8221;none&#8221;][vc_column_text]\n<h2><strong>Interne Richtlinien<\/strong><\/h2>\n<p>Kube Partners Italy ist eine internationale IT- und Managementberatung, die ihren Kunden entscheidende Informationen aus Daten liefert.<\/p>\n<p>In seiner Datenanalyseaktivit\u00e4t und als Anbieter von innovativen Business-Intelligence- und Anti-Betrugsl\u00f6sungen f\u00fcr die Versicherungs- und Bankensektoren hat Kube Partners stets besonders auf Compliance-Fragen in Bezug auf seine Management- und Entscheidungsprozesse geachtet und befolgt alle relevanten Gesetze, Vorschriften und Verfahren.<\/p>\n<p>Im Rahmen dieses Prozesses hat Kube Partners neben ISO-Zertifizierungen (z. B. ISO27001) eine Reihe interner Regeln implementiert, darunter den Ethikkodex, die Richtlinie zur Bek\u00e4mpfung von Bestechung und Korruption, die KI-Richtlinie und die Umweltpolitik, die von allen, die direkt oder indirekt mit dem Unternehmen arbeiten, eingehalten werden m\u00fcssen.[\/vc_column_text][\/vc_column][vc_column column_padding=&#8221;padding-5-percent&#8221; column_padding_tablet=&#8221;inherit&#8221; column_padding_phone=&#8221;inherit&#8221; column_padding_position=&#8221;all&#8221; centered_text=&#8221;true&#8221; background_color_opacity=&#8221;1&#8243; background_hover_color_opacity=&#8221;1&#8243; column_shadow=&#8221;none&#8221; column_border_radius=&#8221;none&#8221; column_link_target=&#8221;_self&#8221; gradient_direction=&#8221;left_to_right&#8221; overlay_strength=&#8221;0.3&#8243; width=&#8221;1\/3&#8243; tablet_width_inherit=&#8221;default&#8221; tablet_text_alignment=&#8221;default&#8221; phone_text_alignment=&#8221;default&#8221; column_border_width=&#8221;none&#8221; column_border_style=&#8221;solid&#8221; bg_image_animation=&#8221;none&#8221;][nectar_btn size=&#8221;large&#8221; open_new_tab=&#8221;true&#8221; button_style=&#8221;regular&#8221; button_color_2=&#8221;Extra-Color-2&#8243; icon_family=&#8221;none&#8221; el_class=&#8221;docBtn&#8221; button_id=&#8221;id&#8221; text=&#8221;Ethical Code&#8221; margin_bottom=&#8221;0&#8243; margin_right=&#8221;0&#8243; url=&#8221;https:\/\/www.kubepartners.com\/media\/2024\/07\/Ethical_Code.pdf&#8221;][nectar_btn size=&#8221;large&#8221; open_new_tab=&#8221;true&#8221; button_style=&#8221;regular&#8221; button_color_2=&#8221;Extra-Color-2&#8243; icon_family=&#8221;linecons&#8221; el_class=&#8221;docBtn&#8221; text=&#8221;Anti Corruption Policy&#8221; margin_bottom=&#8221;0&#8243; url=&#8221;https:\/\/www.kubepartners.com\/media\/2024\/07\/Policy_Anticorruption.pdf&#8221;][nectar_btn size=&#8221;large&#8221; open_new_tab=&#8221;true&#8221; button_style=&#8221;regular&#8221; button_color_2=&#8221;Extra-Color-2&#8243; icon_family=&#8221;linecons&#8221; el_class=&#8221;docBtn&#8221; text=&#8221;AI Policy&#8221; margin_bottom=&#8221;0&#8243; url=&#8221;https:\/\/www.kubepartners.com\/media\/2024\/07\/AI-POLICY-1.pdf&#8221;][nectar_btn size=&#8221;large&#8221; open_new_tab=&#8221;true&#8221; button_style=&#8221;regular&#8221; button_color_2=&#8221;Extra-Color-2&#8243; icon_family=&#8221;linecons&#8221; el_class=&#8221;docBtn&#8221; text=&#8221;Environmental Policy&#8221; margin_bottom=&#8221;0&#8243; url=&#8221;https:\/\/www.kubepartners.com\/media\/2024\/08\/KUBE_Environmental_Policy.pdf&#8221; icon_linecons=&#8221;&#8221;][\/vc_column][\/vc_row]&nbsp;<\/p>\n","protected":false},"excerpt":{"rendered":"<p>&nbsp;[vc_row type=&#8221;in_container&#8221; full_screen_row_position=&#8221;middle&#8221; column_margin=&#8221;default&#8221; column_direction=&#8221;default&#8221; column_direction_tablet=&#8221;default&#8221; column_direction_phone=&#8221;default&#8221; scene_position=&#8221;center&#8221; top_padding=&#8221;40&#8243; bottom_padding=&#8221;40&#8243; text_color=&#8221;dark&#8221; text_align=&#8221;left&#8221; row_border_radius=&#8221;none&#8221; row_border_radius_applies=&#8221;bg&#8221; overlay_strength=&#8221;0.3&#8243; gradient_direction=&#8221;left_to_right&#8221; shape_divider_position=&#8221;bottom&#8221; bg_image_animation=&#8221;none&#8221; shape_type=&#8221;&#8221;][vc_column column_padding=&#8221;no-extra-padding&#8221; column_padding_tablet=&#8221;inherit&#8221; column_padding_phone=&#8221;inherit&#8221; column_padding_position=&#8221;all&#8221; background_color_opacity=&#8221;1&#8243; background_hover_color_opacity=&#8221;1&#8243; column_shadow=&#8221;none&#8221; column_border_radius=&#8221;none&#8221; column_link_target=&#8221;_self&#8221; gradient_direction=&#8221;left_to_right&#8221; overlay_strength=&#8221;0.3&#8243;&#8230;<\/p>\n","protected":false},"author":1,"featured_media":0,"parent":0,"menu_order":0,"comment_status":"closed","ping_status":"closed","template":"","meta":{"footnotes":""},"class_list":["post-7226","page","type-page","status-publish"],"yoast_head":"<!-- This site is optimized with the Yoast SEO plugin v23.0 - https:\/\/yoast.com\/wordpress\/plugins\/seo\/ -->\n<title>Interne Richtlinien - Kube Partners \u00ae<\/title>\n<meta name=\"robots\" content=\"index, follow, max-snippet:-1, max-image-preview:large, max-video-preview:-1\" \/>\n<link rel=\"canonical\" href=\"https:\/\/www.kubepartners.com\/de\/interne-richtlinien\/\" \/>\n<meta property=\"og:locale\" content=\"de_DE\" \/>\n<meta property=\"og:type\" content=\"article\" \/>\n<meta property=\"og:title\" content=\"Interne Richtlinien - Kube Partners \u00ae\" \/>\n<meta property=\"og:description\" content=\"&nbsp;[vc_row type=&#8221;in_container&#8221; full_screen_row_position=&#8221;middle&#8221; column_margin=&#8221;default&#8221; column_direction=&#8221;default&#8221; column_direction_tablet=&#8221;default&#8221; column_direction_phone=&#8221;default&#8221; scene_position=&#8221;center&#8221; top_padding=&#8221;40&#8243; bottom_padding=&#8221;40&#8243; text_color=&#8221;dark&#8221; text_align=&#8221;left&#8221; row_border_radius=&#8221;none&#8221; row_border_radius_applies=&#8221;bg&#8221; overlay_strength=&#8221;0.3&#8243; gradient_direction=&#8221;left_to_right&#8221; shape_divider_position=&#8221;bottom&#8221; bg_image_animation=&#8221;none&#8221; shape_type=&#8221;&#8221;][vc_column column_padding=&#8221;no-extra-padding&#8221; column_padding_tablet=&#8221;inherit&#8221; column_padding_phone=&#8221;inherit&#8221; column_padding_position=&#8221;all&#8221; background_color_opacity=&#8221;1&#8243; background_hover_color_opacity=&#8221;1&#8243; column_shadow=&#8221;none&#8221; column_border_radius=&#8221;none&#8221; column_link_target=&#8221;_self&#8221; gradient_direction=&#8221;left_to_right&#8221; overlay_strength=&#8221;0.3&#8243;...\" \/>\n<meta property=\"og:url\" content=\"https:\/\/www.kubepartners.com\/de\/interne-richtlinien\/\" \/>\n<meta property=\"og:site_name\" content=\"Kube Partners \u00ae\" \/>\n<meta name=\"twitter:card\" content=\"summary_large_image\" \/>\n<meta name=\"twitter:label1\" content=\"Gesch\u00e4tzte Lesezeit\" \/>\n\t<meta name=\"twitter:data1\" content=\"2 Minuten\" \/>\n<script type=\"application\/ld+json\" class=\"yoast-schema-graph\">{\"@context\":\"https:\/\/schema.org\",\"@graph\":[{\"@type\":\"WebPage\",\"@id\":\"https:\/\/www.kubepartners.com\/de\/interne-richtlinien\/\",\"url\":\"https:\/\/www.kubepartners.com\/de\/interne-richtlinien\/\",\"name\":\"Interne Richtlinien - Kube Partners \u00ae\",\"isPartOf\":{\"@id\":\"https:\/\/www.kubepartners.com\/de\/#website\"},\"datePublished\":\"2024-08-26T13:41:22+00:00\",\"dateModified\":\"2024-08-26T13:41:22+00:00\",\"breadcrumb\":{\"@id\":\"https:\/\/www.kubepartners.com\/de\/interne-richtlinien\/#breadcrumb\"},\"inLanguage\":\"de-DE\",\"potentialAction\":[{\"@type\":\"ReadAction\",\"target\":[\"https:\/\/www.kubepartners.com\/de\/interne-richtlinien\/\"]}]},{\"@type\":\"BreadcrumbList\",\"@id\":\"https:\/\/www.kubepartners.com\/de\/interne-richtlinien\/#breadcrumb\",\"itemListElement\":[{\"@type\":\"ListItem\",\"position\":1,\"name\":\"Home\",\"item\":\"https:\/\/www.kubepartners.com\/de\/\"},{\"@type\":\"ListItem\",\"position\":2,\"name\":\"Interne Richtlinien\"}]},{\"@type\":\"WebSite\",\"@id\":\"https:\/\/www.kubepartners.com\/de\/#website\",\"url\":\"https:\/\/www.kubepartners.com\/de\/\",\"name\":\"Kube Partners \u00ae\",\"description\":\"\",\"potentialAction\":[{\"@type\":\"SearchAction\",\"target\":{\"@type\":\"EntryPoint\",\"urlTemplate\":\"https:\/\/www.kubepartners.com\/de\/?s={search_term_string}\"},\"query-input\":\"required name=search_term_string\"}],\"inLanguage\":\"de-DE\"}]}<\/script>\n<!-- \/ Yoast SEO plugin. -->","yoast_head_json":{"title":"Interne Richtlinien - Kube Partners \u00ae","robots":{"index":"index","follow":"follow","max-snippet":"max-snippet:-1","max-image-preview":"max-image-preview:large","max-video-preview":"max-video-preview:-1"},"canonical":"https:\/\/www.kubepartners.com\/de\/interne-richtlinien\/","og_locale":"de_DE","og_type":"article","og_title":"Interne Richtlinien - Kube Partners \u00ae","og_description":"&nbsp;[vc_row type=&#8221;in_container&#8221; full_screen_row_position=&#8221;middle&#8221; column_margin=&#8221;default&#8221; column_direction=&#8221;default&#8221; column_direction_tablet=&#8221;default&#8221; column_direction_phone=&#8221;default&#8221; scene_position=&#8221;center&#8221; top_padding=&#8221;40&#8243; bottom_padding=&#8221;40&#8243; text_color=&#8221;dark&#8221; text_align=&#8221;left&#8221; row_border_radius=&#8221;none&#8221; row_border_radius_applies=&#8221;bg&#8221; overlay_strength=&#8221;0.3&#8243; gradient_direction=&#8221;left_to_right&#8221; shape_divider_position=&#8221;bottom&#8221; bg_image_animation=&#8221;none&#8221; shape_type=&#8221;&#8221;][vc_column column_padding=&#8221;no-extra-padding&#8221; column_padding_tablet=&#8221;inherit&#8221; column_padding_phone=&#8221;inherit&#8221; column_padding_position=&#8221;all&#8221; background_color_opacity=&#8221;1&#8243; background_hover_color_opacity=&#8221;1&#8243; column_shadow=&#8221;none&#8221; column_border_radius=&#8221;none&#8221; column_link_target=&#8221;_self&#8221; gradient_direction=&#8221;left_to_right&#8221; overlay_strength=&#8221;0.3&#8243;...","og_url":"https:\/\/www.kubepartners.com\/de\/interne-richtlinien\/","og_site_name":"Kube Partners \u00ae","twitter_card":"summary_large_image","twitter_misc":{"Gesch\u00e4tzte Lesezeit":"2 Minuten"},"schema":{"@context":"https:\/\/schema.org","@graph":[{"@type":"WebPage","@id":"https:\/\/www.kubepartners.com\/de\/interne-richtlinien\/","url":"https:\/\/www.kubepartners.com\/de\/interne-richtlinien\/","name":"Interne Richtlinien - Kube Partners \u00ae","isPartOf":{"@id":"https:\/\/www.kubepartners.com\/de\/#website"},"datePublished":"2024-08-26T13:41:22+00:00","dateModified":"2024-08-26T13:41:22+00:00","breadcrumb":{"@id":"https:\/\/www.kubepartners.com\/de\/interne-richtlinien\/#breadcrumb"},"inLanguage":"de-DE","potentialAction":[{"@type":"ReadAction","target":["https:\/\/www.kubepartners.com\/de\/interne-richtlinien\/"]}]},{"@type":"BreadcrumbList","@id":"https:\/\/www.kubepartners.com\/de\/interne-richtlinien\/#breadcrumb","itemListElement":[{"@type":"ListItem","position":1,"name":"Home","item":"https:\/\/www.kubepartners.com\/de\/"},{"@type":"ListItem","position":2,"name":"Interne Richtlinien"}]},{"@type":"WebSite","@id":"https:\/\/www.kubepartners.com\/de\/#website","url":"https:\/\/www.kubepartners.com\/de\/","name":"Kube Partners \u00ae","description":"","potentialAction":[{"@type":"SearchAction","target":{"@type":"EntryPoint","urlTemplate":"https:\/\/www.kubepartners.com\/de\/?s={search_term_string}"},"query-input":"required name=search_term_string"}],"inLanguage":"de-DE"}]}},"_links":{"self":[{"href":"https:\/\/www.kubepartners.com\/de\/wp-json\/wp\/v2\/pages\/7226"}],"collection":[{"href":"https:\/\/www.kubepartners.com\/de\/wp-json\/wp\/v2\/pages"}],"about":[{"href":"https:\/\/www.kubepartners.com\/de\/wp-json\/wp\/v2\/types\/page"}],"author":[{"embeddable":true,"href":"https:\/\/www.kubepartners.com\/de\/wp-json\/wp\/v2\/users\/1"}],"replies":[{"embeddable":true,"href":"https:\/\/www.kubepartners.com\/de\/wp-json\/wp\/v2\/comments?post=7226"}],"version-history":[{"count":2,"href":"https:\/\/www.kubepartners.com\/de\/wp-json\/wp\/v2\/pages\/7226\/revisions"}],"predecessor-version":[{"id":7229,"href":"https:\/\/www.kubepartners.com\/de\/wp-json\/wp\/v2\/pages\/7226\/revisions\/7229"}],"wp:attachment":[{"href":"https:\/\/www.kubepartners.com\/de\/wp-json\/wp\/v2\/media?parent=7226"}],"curies":[{"name":"wp","href":"https:\/\/api.w.org\/{rel}","templated":true}]}}